{"id":53,"date":"2024-06-07T02:25:33","date_gmt":"2024-06-07T05:25:33","guid":{"rendered":"https:\/\/3.236.178.171\/?page_id=53"},"modified":"2024-06-12T16:53:40","modified_gmt":"2024-06-12T19:53:40","slug":"rules","status":"publish","type":"page","link":"https:\/\/prode.arbusta.net\/?page_id=53","title":{"rendered":"Normas"},"content":{"rendered":"\t\t<div data-elementor-type=\"wp-page\" data-elementor-id=\"53\" class=\"elementor elementor-53\">\n\t\t\t\t<div class=\"elementor-element elementor-element-25cc727 e-flex e-con-boxed e-con e-parent\" data-id=\"25cc727\" data-element_type=\"container\">\n\t\t\t\t\t<div class=\"e-con-inner\">\n\t\t\t\t<div class=\"elementor-element elementor-element-bb2fb82 elementor-widget elementor-widget-heading\" data-id=\"bb2fb82\" data-element_type=\"widget\" data-widget_type=\"heading.default\">\n\t\t\t\t<div class=\"elementor-widget-container\">\n\t\t\t\t\t<h2 class=\"elementor-heading-title elementor-size-default\"><span style=\", monospace;font-size: 26.6667px\">REGLAS PRODE ARBUSTER:<\/span><\/h2>\t\t\t\t<\/div>\n\t\t\t\t<\/div>\n\t\t\t\t<div class=\"elementor-element elementor-element-4d4b184 elementor-widget elementor-widget-text-editor\" data-id=\"4d4b184\" data-element_type=\"widget\" data-widget_type=\"text-editor.default\">\n\t\t\t\t<div class=\"elementor-widget-container\">\n\t\t\t\t\t\t\t\t\t<p dir=\"ltr\" style=\"line-height: 1.38; margin-top: 0pt; margin-bottom: 0pt;\"><span style=\"background-color: transparent; color: #000000; font-family: 'Roboto Mono', monospace; font-size: 14pt; white-space-collapse: preserve; text-align: var(--text-align);\">Para poder participar debes registrarte e&nbsp; ingresar los resultados de los partidos, etapa a etapa. Tendr\u00e1s tiempo de ingresar cada resultado hasta una hora antes del partido.<\/span><\/p>\n<p dir=\"ltr\" style=\"line-height: 1.38; background-color: #ffffff; margin-top: 0pt; margin-bottom: 0pt; padding: 0pt 0pt 12pt 0pt;\"><span style=\"font-size: 13.999999999999998pt; font-family: 'Roboto Mono',monospace; color: #000000; background-color: transparent; font-weight: 400; font-style: normal; font-variant: normal; text-decoration: none; vertical-align: baseline; white-space: pre-wrap;\">\u00a1Qui\u00e9n haya acumulado la mayor cantidad de puntos durante todos los partidos ser\u00e1 el ganador!<\/span><\/p>\n<p dir=\"ltr\" style=\"line-height: 1.38; background-color: #ffffff; margin-top: 0pt; margin-bottom: 0pt; padding: 0pt 0pt 12pt 0pt;\"><span style=\"font-size: 13.999999999999998pt; font-family: 'Roboto Mono',monospace; color: #000000; background-color: transparent; font-weight: 400; font-style: italic; font-variant: normal; text-decoration: none; vertical-align: baseline; white-space: pre-wrap;\">Nota: Prode Arbuster es \u00fanicamente para los\/as colaboradores\/as de Arbusta de los 3 Sites: Argentina, Colombia y Uruguay.&nbsp;<\/span><\/p>\n<p dir=\"ltr\" style=\"line-height: 1.38; background-color: #ffffff; margin-top: 0pt; margin-bottom: 0pt; padding: 0pt 0pt 12pt 0pt;\"><span style=\"font-size: 13.999999999999998pt; font-family: 'Roboto Mono',monospace; color: #000000; background-color: transparent; font-weight: 400; font-style: normal; font-variant: normal; text-decoration: none; vertical-align: baseline; white-space: pre-wrap;\">\u00bfC\u00f3mo se calculan los puntos?<\/span><\/p>\n<p dir=\"ltr\" style=\"line-height: 1.38; background-color: #ffffff; margin-top: 0pt; margin-bottom: 12pt;\"><span style=\"font-size: 13.999999999999998pt; font-family: 'Roboto Mono',monospace; color: #000000; background-color: transparent; font-weight: 400; font-style: normal; font-variant: normal; text-decoration: none; vertical-align: baseline; white-space: pre-wrap;\">La manera de calcular los puntos es:<\/span><\/p>\n<ul style=\"margin-top: 0; margin-bottom: 0; padding-inline-start: 48px;\">\n<li dir=\"ltr\" style=\"list-style-type: disc; font-size: 13.999999999999998pt; font-family: 'Roboto Mono',monospace; color: #000000; background-color: transparent; font-weight: 400; font-style: normal; font-variant: normal; text-decoration: none; vertical-align: baseline; white-space: pre;\" aria-level=\"1\">\n<p dir=\"ltr\" style=\"line-height: 1.38; background-color: #ffffff; margin-top: 0pt; margin-bottom: 0pt;\" role=\"presentation\"><span style=\"font-size: 13.999999999999998pt; font-family: 'Roboto Mono',monospace; color: #000000; background-color: transparent; font-weight: 400; font-style: normal; font-variant: normal; text-decoration: none; vertical-align: baseline; white-space: pre-wrap;\">Si aciertas el resultado exacto acumulas 3 puntos.<\/span><\/p>\n<\/li>\n<li dir=\"ltr\" style=\"list-style-type: disc; font-size: 13.999999999999998pt; font-family: 'Roboto Mono',monospace; color: #000000; background-color: transparent; font-weight: 400; font-style: normal; font-variant: normal; text-decoration: none; vertical-align: baseline; white-space: pre;\" aria-level=\"1\">\n<p dir=\"ltr\" style=\"line-height: 1.38; background-color: #ffffff; margin-top: 0pt; margin-bottom: 0pt;\" role=\"presentation\"><span style=\"font-size: 13.999999999999998pt; font-family: 'Roboto Mono',monospace; color: #000000; background-color: transparent; font-weight: 400; font-style: normal; font-variant: normal; text-decoration: none; vertical-align: baseline; white-space: pre-wrap;\">Si aciertas el ganador, pero no el resultado exacto, acumulas 2 puntos<\/span><\/p>\n<\/li>\n<li dir=\"ltr\" style=\"list-style-type: disc; font-size: 13.999999999999998pt; font-family: 'Roboto Mono',monospace; color: #000000; background-color: transparent; font-weight: 400; font-style: normal; font-variant: normal; text-decoration: none; vertical-align: baseline; white-space: pre;\" aria-level=\"1\">\n<p dir=\"ltr\" style=\"line-height: 1.38; background-color: #ffffff; margin-top: 0pt; margin-bottom: 0pt;\" role=\"presentation\"><span style=\"font-size: 13.999999999999998pt; font-family: 'Roboto Mono',monospace; color: #000000; background-color: transparent; font-weight: 400; font-style: normal; font-variant: normal; text-decoration: none; vertical-align: baseline; white-space: pre-wrap;\">En el caso de penales no ser\u00e1n tomados en cuenta, y se calcular\u00e1 en base al resultado del partido.&nbsp;<\/span><\/p>\n<\/li>\n<\/ul>\n<p dir=\"ltr\" style=\"line-height: 1.38; background-color: #ffffff; margin-top: 0pt; margin-bottom: 0pt;\">\n<\/p><p dir=\"ltr\" style=\"line-height: 1.38; background-color: #ffffff; margin-top: 0pt; margin-bottom: 0pt;\"><span style=\"font-size: 13.999999999999998pt; font-family: 'Roboto Mono',monospace; color: #000000; background-color: transparent; font-weight: 400; font-style: normal; font-variant: normal; text-decoration: none; vertical-align: baseline; white-space: pre-wrap;\">Premios:<\/span><\/p>\n<p><\/p>\n<p dir=\"ltr\" style=\"line-height: 1.38; background-color: #ffffff; margin-top: 0pt; margin-bottom: 0pt;\"><span style=\"font-size: 13.999999999999998pt; font-family: 'Roboto Mono',monospace; color: #000000; background-color: transparent; font-weight: 400; font-style: normal; font-variant: normal; text-decoration: none; vertical-align: baseline; white-space: pre-wrap;\">\u00a1Al finalizar La Copa, los tres primeros puestos resultar\u00e1n ganadores y recibir\u00e1n un premio!<\/span><\/p>\t\t\t\t\t\t\t\t<\/div>\n\t\t\t\t<\/div>\n\t\t\t\t\t<\/div>\n\t\t\t\t<\/div>\n\t\t\t\t<\/div>\n\t\t","protected":false},"excerpt":{"rendered":"<p>REGLAS PRODE ARBUSTER: Para poder participar debes registrarte e&nbsp; ingresar los resultados de los partidos, etapa a etapa. Tendr\u00e1s tiempo de ingresar cada resultado hasta una hora antes del partido. \u00a1Qui\u00e9n haya acumulado la mayor cantidad de puntos durante todos los partidos ser\u00e1 el ganador! Nota: Prode Arbuster es \u00fanicamente para los\/as colaboradores\/as de Arbusta [&hellip;]<\/p>\n","protected":false},"author":1,"featured_media":0,"parent":0,"menu_order":6,"comment_status":"closed","ping_status":"closed","template":"","meta":{"_eb_attr":"","footnotes":""},"class_list":["post-53","page","type-page","status-publish","hentry"],"_links":{"self":[{"href":"https:\/\/prode.arbusta.net\/index.php?rest_route=\/wp\/v2\/pages\/53","targetHints":{"allow":["GET"]}}],"collection":[{"href":"https:\/\/prode.arbusta.net\/index.php?rest_route=\/wp\/v2\/pages"}],"about":[{"href":"https:\/\/prode.arbusta.net\/index.php?rest_route=\/wp\/v2\/types\/page"}],"author":[{"embeddable":true,"href":"https:\/\/prode.arbusta.net\/index.php?rest_route=\/wp\/v2\/users\/1"}],"replies":[{"embeddable":true,"href":"https:\/\/prode.arbusta.net\/index.php?rest_route=%2Fwp%2Fv2%2Fcomments&post=53"}],"version-history":[{"count":63,"href":"https:\/\/prode.arbusta.net\/index.php?rest_route=\/wp\/v2\/pages\/53\/revisions"}],"predecessor-version":[{"id":599,"href":"https:\/\/prode.arbusta.net\/index.php?rest_route=\/wp\/v2\/pages\/53\/revisions\/599"}],"wp:attachment":[{"href":"https:\/\/prode.arbusta.net\/index.php?rest_route=%2Fwp%2Fv2%2Fmedia&parent=53"}],"curies":[{"name":"wp","href":"https:\/\/api.w.org\/{rel}","templated":true}]}}